{"id":36831,"date":"2022-05-05T08:53:06","date_gmt":"2022-05-05T08:53:06","guid":{"rendered":"https:\/\/dextera.lt\/showroom\/"},"modified":"2022-05-11T07:21:18","modified_gmt":"2022-05-11T07:21:18","slug":"showroom","status":"publish","type":"page","link":"https:\/\/dextera.lt\/fr\/le-showroom\/","title":{"rendered":"LE SHOWROOM"},"content":{"rendered":"<p>DEXTERA est toujours \u00e0 l\u2019\u00e9coute des attentes et des souhaits de ses clients. C\u2019est pour leur confort que la soci\u00e9t\u00e9 a d\u00e9cid\u00e9 de r\u00e9nover radicalement le showroom situ\u00e9 260 rue Jonavos, \u00e0 Kaunas. \u00ab\u00a0Nous avions proc\u00e9d\u00e9 \u00e0 une r\u00e9novation minimale de ce showroom l\u2019ann\u00e9e derni\u00e8re, mais pour r\u00e9pondre aux attentes de nos clients, nous avons voulu cr\u00e9er un espace encore plus confortable et fonctionnel et beaucoup plus attrayant sur le plan esth\u00e9tique pour les acheteurs comme pour les architectes, ainsi que pour les designers\u00a0\u00bb, explique J. Andru\u0161kevi\u010dien\u0117. L\u2019exclusivit\u00e9 du showroom r\u00e9nov\u00e9 de l\u2019entreprise est une synth\u00e8se particuli\u00e8rement qualitative de commodit\u00e9 et d\u2019esth\u00e9tique.<\/p>\n<p>Depuis 25 ans, DEXTERA aide avec succ\u00e8s ses clients \u00e0 trouver des solutions de contr\u00f4le solaire fonctionnelles et \u00e9l\u00e9gantes. La r\u00e9novation du showroom de la soci\u00e9t\u00e9 \u00e0 Kaunas, 260 rue Jonavos, a permis de cr\u00e9er un espace esth\u00e9tique, styl\u00e9 et fonctionnel avec une exposition des plus modernes stores, volets roulants, moustiquaires, auvents de terrasse, pergolas et autres produits et automatismes.<\/p>\n<p><strong>DEXTERA est un label de qualit\u00e9 sans compromis<\/strong><\/p>\n<p>Selon l\u2019institut KOG, DEXTERA est une marque fiable et la plus connue sur le march\u00e9 des solutions de pose de fen\u00eatres (2019 &#8211; 2020). Les clients appr\u00e9cient l\u2019entreprise pour ses employ\u00e9s comp\u00e9tents, son service convivial, sa large gamme de mat\u00e9riaux, ses fournisseurs fiables et ses solutions technologiques innovantes. L\u2019une des raisons les plus importantes du leadership de DEXTERA est son mouvement constant vers l\u2019avant et sa recherche de l\u2019excellence. L\u2019entreprise peut \u00eatre fi\u00e8re, \u00e0 juste titre, que pas moins de 97 % des clients de ses clients recommandent sa gamme et ses services. \u00ab\u00a0Cette confiance de nos clients nous motive \u00e0 faire encore plus d\u2019efforts, \u00e0 garantir une qualit\u00e9 \u00e9lev\u00e9e, \u00e0 rechercher ensemble de nouvelles solutions cr\u00e9atives, ainsi qu\u2019\u00e0 nous adapter aux besoins individuels des clients\u00a0\u00bb, d\u00e9clare Jurgita Andru\u0161kevi\u010dien\u0117, directrice du commerce de d\u00e9tail de l\u2019entreprise.<\/p>\n<p><strong>Gamme de services et solutions esth\u00e9tiques pr\u00e9sent\u00e9es en showroom<\/strong><\/p>\n<p>Le nouveau showroom se distingue par une vaste exposition de produits d\u2019int\u00e9rieur et d\u2019ext\u00e9rieur, allant des volets roulants et des stores aux auvents, aux stores \u00e0 lamelles ext\u00e9rieurs, aux pergolas et autres solutions de contr\u00f4le solaire. Un tel \u00e9ventail de services est effectivement attrayant : apr\u00e8s tout, les acheteurs comme les concepteurs, ainsi que les architectes, veulent voir les solutions mises en \u0153uvre en direct, sentir la texture et \u00e9valuer les couleurs. \u00ab\u00a0Nos clients sont \u00e0 la recherche d\u2019id\u00e9es inspirantes, c\u2019est pourquoi nous avons essay\u00e9 de cr\u00e9er un environnement motivant et cr\u00e9atif\u00a0\u00bb, explique J. Andru\u0161kevi\u010dien\u0117. Le showroom r\u00e9nov\u00e9 se distingue par son immensit\u00e9, son int\u00e9rieur minimaliste qui a \u00e9t\u00e9 install\u00e9 conform\u00e9ment aux derni\u00e8res tendances, ses couleurs structurelles sans pr\u00e9tention et ses compositions intelligentes. C\u2019est en effet le bon endroit pour se familiariser avec les produits propos\u00e9s par l\u2019entreprise, toucher physiquement les \u00e9chantillons, recevoir des consultations en direct et choisir les solutions qui r\u00e9pondent le mieux aux attentes personnelles.<\/p>\n<p><strong>L\u2019actualisation des catalogues de tissus<\/strong><\/p>\n<p>En plus du showroom r\u00e9nov\u00e9 de Kaunas, DEXTERA pr\u00e9sente \u00e9galement de nouveaux catalogues couvrant de larges collections de volets roulants classiques, de volets roulants fonctionnels, de volets roulants jour \/ nuit, de stores pliss\u00e9s et de tissus sold\u00e9s, des \u00e9chantillons de tissus pour stores et des couleurs structurelles fabriqu\u00e9s par l\u2019entreprise. Dans les catalogues actualis\u00e9s, les donn\u00e9es techniques d\u00e9taill\u00e9es des tissus sont pr\u00e9sent\u00e9es, les caract\u00e9ristiques des produits sont soulign\u00e9es. Les catalogues sont remplis d\u2019id\u00e9es et d\u2019inspirations pour la r\u00e9novation int\u00e9rieure.<\/p>\n","protected":false},"excerpt":{"rendered":"<p>DEXTERA est toujours \u00e0 l\u2019\u00e9coute des attentes et des souhaits de ses clients. C\u2019est pour leur confort que la soci\u00e9t\u00e9 a d\u00e9cid\u00e9 de r\u00e9nover radicalement le showroom situ\u00e9 260 rue Jonavos, \u00e0 Kaunas. \u00ab\u00a0Nous avions proc\u00e9d\u00e9 \u00e0 une r\u00e9novation minimale de ce showroom l\u2019ann\u00e9e derni\u00e8re, mais pour r\u00e9pondre aux attentes de nos clients, nous avons [&#8230;]<\/p>\n<p><a class=\"btn btn-secondary understrap-read-more-link\" href=\"https:\/\/dextera.lt\/fr\/le-showroom\/\">Lire la suite&#8230;<\/a><\/p>\n","protected":false},"author":1,"featured_media":0,"parent":0,"menu_order":44,"comment_status":"closed","ping_status":"closed","template":"page-templates\/showroom_en_ru.php","meta":{"inline_featured_image":false,"footnotes":""},"class_list":["post-36831","page","type-page","status-publish","hentry"],"_links":{"self":[{"href":"https:\/\/dextera.lt\/fr\/wp-json\/wp\/v2\/pages\/36831","targetHints":{"allow":["GET"]}}],"collection":[{"href":"https:\/\/dextera.lt\/fr\/wp-json\/wp\/v2\/pages"}],"about":[{"href":"https:\/\/dextera.lt\/fr\/wp-json\/wp\/v2\/types\/page"}],"author":[{"embeddable":true,"href":"https:\/\/dextera.lt\/fr\/wp-json\/wp\/v2\/users\/1"}],"replies":[{"embeddable":true,"href":"https:\/\/dextera.lt\/fr\/wp-json\/wp\/v2\/comments?post=36831"}],"version-history":[{"count":2,"href":"https:\/\/dextera.lt\/fr\/wp-json\/wp\/v2\/pages\/36831\/revisions"}],"predecessor-version":[{"id":36833,"href":"https:\/\/dextera.lt\/fr\/wp-json\/wp\/v2\/pages\/36831\/revisions\/36833"}],"wp:attachment":[{"href":"https:\/\/dextera.lt\/fr\/wp-json\/wp\/v2\/media?parent=36831"}],"curies":[{"name":"wp","href":"https:\/\/api.w.org\/{rel}","templated":true}]}}