{"id":27671,"date":"2020-12-07T09:23:05","date_gmt":"2020-12-07T09:23:05","guid":{"rendered":"https:\/\/dextera.lt\/apie-mus\/"},"modified":"2022-03-25T09:33:09","modified_gmt":"2022-03-25T09:33:09","slug":"apie-mus","status":"publish","type":"page","link":"https:\/\/dextera.lt\/fr\/qui-sommes-nous\/","title":{"rendered":"Qui sommes-nous\u00a0?"},"content":{"rendered":"<p>DEXTERA a commenc\u00e9 son activit\u00e9 en 1996, elle \u00e9tait la premi\u00e8re entreprise en Lituanie \u00e0 produire des stores en aluminium. Aujourd\u2019hui, elle est la marque la plus fiable et la plus connue du march\u00e9 en mati\u00e8re de solutions de d\u00e9coration de fen\u00eatres (selon les enqu\u00eates KOG institutas de 2019-2020).<\/p>\n<p>Un personnel comp\u00e9tent, un service amical, une large gamme de mat\u00e9riaux, des fournisseurs fiables et des solutions technologiques innovantes sont nos cinq principaux atouts. Nous sommes fiers que 97 % de nos clients recommandent DEXTERA \u00e0 d\u2019autres personnes.<\/p>\n<p>Nous sommes une entreprise fiable qui fabrique et vend des solutions de contr\u00f4le solaire fonctionnelles de haute qualit\u00e9 pour les maisons et les entreprises. Depuis 1996 \u00e0 aujourd\u2019hui :<\/p>\n<ul>\n<li>nous avons produit plus de 2 millions de stores ;<\/li>\n<li>nous avons produit plus d\u2019un million de stores enrouleurs ;<\/li>\n<li>nous avons install\u00e9 plus de 10 000 de portes de garage.<\/li>\n<\/ul>\n<p>Nous servons des clients dans toute la Lituanie ! Nous disposons du plus grand r\u00e9seau de salles d\u2019exposition et de plus de 200 partenaires qui vendent nos produits.<\/p>\n<h2>LA QUALIT\u00c9 QUI CR\u00c9E LE STYLE. DEPUIS 25 ANS !<\/h2>\n<p>La mission de DEXTERA est de cr\u00e9er une approche esth\u00e9tiquement plaisante et technologiquement moderne du contr\u00f4le solaire pour votre maison.<\/p>\n<p>En 25 ans d\u2019activit\u00e9 professionnelle, nous avons constat\u00e9 que les stores \u00e0 enroulement et stores font plus que prot\u00e9ger du soleil, ils cr\u00e9ent du style et de l\u2019esth\u00e9tique pour votre maison ou votre bureau. C\u2019est pourquoi nous proposons \u00e0 nos clients une large gamme de produits pour l\u2019int\u00e9rieur et l\u2019ext\u00e9rieur : stores enrouleurs, stores, marquises, pergolas et autres solutions de contr\u00f4le du soleil.<\/p>\n<p>Des conseils professionnels gratuits sont \u00e9galement fournis pour tous les produits ext\u00e9rieurs :<\/p>\n<ul>\n<li>Pergolas : conception de votre produit personnalis\u00e9 ;<\/li>\n<li>Marquises de terrasse : assistance pour choisir et fourniture de la solution optimale ;<\/li>\n<li>Stores \u00e0 enroulement et stores : conseils, assistance pour choisir et fourniture de la meilleure offre ;<\/li>\n<li>Portes : mesures gratuites, conseils pour choisir les param\u00e8tres techniques les plus adapt\u00e9s et configurations possibles, assistance pour choisir l\u2019automatisme de porte \u00e0 double vantaux.<\/li>\n<\/ul>\n<h2>UN PARTENAIRE FIABLE POUR LES PROJETS DE GRANDE ENVERGURE<\/h2>\n<p>La vision de DEXTERA est d\u2019\u00eatre le partenaire le plus fiable pour les solutions de contr\u00f4le solaire en Lituanie. Nous sommes heureux et fiers de nos partenariats et de nos projets :<\/p>\n<ul>\n<li>Installation 1 500 stores enrouleurs \u00e9lectriques au centre d\u2019affaires 3 BUR\u0116S (Vilnius) ;<\/li>\n<li>Installation de 2 500 m2 de stores enrouleurs au centre d\u2019affaires DOKAS (Kaunas) ;<\/li>\n<li>Installation de 700 m2 de stores en bois et de 2 000 m2 de stores ext\u00e9rieurs au centre d\u2019affaires PENTA (Vilnius) ;<\/li>\n<li>Installation de stores \u00e0 enroulement ext\u00e9rieurs R90 au centre d\u2019affaires 103 (Klaip\u0117da), de stores a enroulement ext\u00e9rieur R103 pour l\u2019entreprise pharmaceutique LIMEDIKA (Kaunas), 130 m2 de stores \u00e0 lamelles, de stores ext\u00e9rieurs et int\u00e9rieurs pour CONTINENTAL (Kaunas), des volets roulants Warema enti\u00e8rement automatis\u00e9s pour centre commercial LIDL, etc.<\/li>\n<li>Installation des pergolas pour le centre de r\u00e9\u00e9ducation GRADIALI (Palanga), pour les restaurants STIKLIAI (Vilnius), S BARAS et PANORAMA (\u0160iauliai), PINK&amp;YELLOW (Vilnius), pour le Centre culturel de Kaunas et pour plusieurs autres \u00e9tablissements. La pergola bioclimatique install\u00e9e le plus haut se trouve sur le toit-terrasse du nouveau b\u00e2timent SEB, \u00e0 21 m\u00e8tres de haut !<\/li>\n<\/ul>\n<p>Dans nos activites quotidiennes, nous nous conformons aux principes suivants :<\/p>\n<ul>\n<li>Priorit\u00e9 \u00e0 la qualit\u00e9 dans tous les domaines de notre activit\u00e9<\/li>\n<li>Contact permanent avec les clients pour am\u00e9liorer la qualit\u00e9 des produits et des services<\/li>\n<li>Ex\u00e9cution rapide des commandes<\/li>\n<li>Innovation dans le processus de production<\/li>\n<\/ul>\n<p>Nous sommes l\u2019une des plus grandes entreprises du Nord-Est de l\u2019Europe dans notre secteur. Nos produits sont appr\u00e9ci\u00e9s non seulement par le march\u00e9 lituanien mais aussi par les march\u00e9s \u00e9trangers. Les produits de haute qualit\u00e9 de DEXTERA sont vendus par des partenaires commerciaux en Lettonie, Estonie, Finlande, Su\u00e8de, Norv\u00e8ge, Grande-Bretagne, Irlande, Belgique, Allemagne, France, \u00c9.-U, etc.<\/p>\n<h2>QUELQUES FAITS POUR LES FANS DE TECHNOLOGIE<\/h2>\n<ul>\n<li>Nous sommes la seule entreprise en Lituanie qui repr\u00e9sente le fabricant exp\u00e9riment\u00e9 d\u2019automatismes Beninca (100 % fabrique en Italie).<\/li>\n<li>Nous sommes le seul repr\u00e9sentant du groupe turc Byart pergolas dans les pays baltes.<\/li>\n<li>Nous sommes la seule entreprise des pays baltes \u00e0 avoir d\u00e9velopp\u00e9 le projet de co-branding Coulisse Dextera pour la gamme de stores en bois.<\/li>\n<li>La soci\u00e9t\u00e9 n\u00e9erlandaise Coulisse nous a accord\u00e9 les droits exclusifs pour les syst\u00e8mes de volets \u00e0 enroulement et de stores en bois Absolute dans un seul et m\u00eame design.<\/li>\n<li>Nous repr\u00e9sentons Warema, l\u2019un des plus grands fabricants allemands de produits de contr\u00f4le solaire au monde.<\/li>\n<li>Vous trouverez uniquement dans notre gamme des moustiquaires enroulables italiens et des marquises K50 Warema, qui ont re\u00e7u le prix de design RED-DOT en 2016.<\/li>\n<li>La philosophie de notre g\u00e9n\u00e9ration consiste \u00e0 pr\u00e9server la nature pour les g\u00e9n\u00e9rations futures. Nous avons donc ajout\u00e9 les tissus Coulisse Eco Essence \u00e0 notre gamme de stores \u00e0 enroulement, qui ont \u00e9t\u00e9 reconnus deux ann\u00e9es de suite (2017, 2018) dans la cat\u00e9gorie Innovation verte de la WCMA (Window Covering Manufacturers Association) comme \u00ab Meilleur nouveau concept de style \u00bb et \u00ab Meilleure innovation technique \u00bb.<\/li>\n<\/ul>\n<p>Dans chacun de nos choix, nous recherchons l\u2019excellence pour nos clients et contribuons \u00e0 une gestion responsable de la qualit\u00e9 dans tous nos processus commerciaux, en nous concentrant sur l\u2019innovation technologique, les \u00e9conomies d\u2019\u00e9nergie et la durabilit\u00e9 environnementale.<\/p>\n","protected":false},"excerpt":{"rendered":"<p>DEXTERA a commenc\u00e9 son activit\u00e9 en 1996, elle \u00e9tait la premi\u00e8re entreprise en Lituanie \u00e0 produire des stores en aluminium. Aujourd\u2019hui, elle est la marque la plus fiable et la plus connue du march\u00e9 en mati\u00e8re de solutions de d\u00e9coration de fen\u00eatres (selon les enqu\u00eates KOG institutas de 2019-2020). Un personnel comp\u00e9tent, un service amical, [&#8230;]<\/p>\n<p><a class=\"btn btn-secondary understrap-read-more-link\" href=\"https:\/\/dextera.lt\/fr\/qui-sommes-nous\/\">Lire la suite&#8230;<\/a><\/p>\n","protected":false},"author":1,"featured_media":27673,"parent":0,"menu_order":0,"comment_status":"closed","ping_status":"closed","template":"page-templates\/dovanu-kuponas-template.php","meta":{"inline_featured_image":false,"footnotes":""},"class_list":["post-27671","page","type-page","status-publish","has-post-thumbnail","hentry"],"_links":{"self":[{"href":"https:\/\/dextera.lt\/fr\/wp-json\/wp\/v2\/pages\/27671","targetHints":{"allow":["GET"]}}],"collection":[{"href":"https:\/\/dextera.lt\/fr\/wp-json\/wp\/v2\/pages"}],"about":[{"href":"https:\/\/dextera.lt\/fr\/wp-json\/wp\/v2\/types\/page"}],"author":[{"embeddable":true,"href":"https:\/\/dextera.lt\/fr\/wp-json\/wp\/v2\/users\/1"}],"replies":[{"embeddable":true,"href":"https:\/\/dextera.lt\/fr\/wp-json\/wp\/v2\/comments?post=27671"}],"version-history":[{"count":5,"href":"https:\/\/dextera.lt\/fr\/wp-json\/wp\/v2\/pages\/27671\/revisions"}],"predecessor-version":[{"id":34456,"href":"https:\/\/dextera.lt\/fr\/wp-json\/wp\/v2\/pages\/27671\/revisions\/34456"}],"wp:featuredmedia":[{"embeddable":true,"href":"https:\/\/dextera.lt\/fr\/wp-json\/wp\/v2\/media\/27673"}],"wp:attachment":[{"href":"https:\/\/dextera.lt\/fr\/wp-json\/wp\/v2\/media?parent=27671"}],"curies":[{"name":"wp","href":"https:\/\/api.w.org\/{rel}","templated":true}]}}