{"id":115666,"date":"2024-04-23T13:01:33","date_gmt":"2024-04-23T13:01:33","guid":{"rendered":"https:\/\/dextera.lt\/slapuku-politika\/"},"modified":"2024-05-13T22:10:08","modified_gmt":"2024-05-13T22:10:08","slug":"slapuku-politika","status":"publish","type":"page","link":"https:\/\/dextera.lt\/fr\/politique-de-cookies\/","title":{"rendered":"Politique de cookies"},"content":{"rendered":"<h2 style=\"text-align: center;\">UAB \u201eDEXTERA\u201c<br \/>\nPOLITIQUE EN MATI\u00c8RE DE COOKIES<\/h2>\n<p>1. L\u2019entreprise utilise des Cookies, outils de gestion de l\u2019analyse des donn\u00e9es, sur le site web dextera.lt afin d\u2019assurer le bon fonctionnement du site, de collecter des informations statistiques d\u00e9personnalis\u00e9es et \u00e0 des fins de marketing. De cette mani\u00e8re, la soci\u00e9t\u00e9 peut fournir des biens \/ services complexes, une exp\u00e9rience plus agr\u00e9able pour les personnes qui naviguent sur le site web et am\u00e9liorer le site web lui-m\u00eame.<\/p>\n<p>2. Ainsi, lorsque vous visitez notre site web, des Cookies peuvent \u00eatre install\u00e9s sur votre ordinateur ou autre appareil intelligent (par exemple t\u00e9l\u00e9phone mobile, tablette, etc.) et stock\u00e9s dans votre navigateur. Lorsque la Personne concern\u00e9e acc\u00e8de au site web de l\u2019Entreprise, un message est automatiquement activ\u00e9 pour l\u2019informer de l\u2019utilisation de Cookies.<\/p>\n<p>3. Tous les Cookies sont utilis\u00e9s seulement avec votre consentement pr\u00e9alable, \u00e0 l\u2019exception des cookies essentiels. Vous pouvez choisir les types de cookies que vous souhaitez installer \u00e0 partir de la liste des Cookies sur le site web dextera.lt. Vous pouvez modifier vos param\u00e8tres de cookies ou retirer votre consentement \u00e0 tout moment, et, si vous acceptez tous les cookies, il vous suffit de cocher la case \u00ab Autoriser tous les cookies \u00bb. Vous pouvez vous opposer \u00e0 l\u2019utilisation de Cookies et continuer \u00e0 naviguer sur le site web.<\/p>\n<p>4. Notre site web utilise des cookies pour<\/p>\n<ul>\n<li>identifier si le visiteur qui navigue sur le site est le m\u00eame que celui qui l\u2019a d\u00e9j\u00e0 visit\u00e9\u00a0;<\/li>\n<li>sauvegarder les param\u00e8tres que vous choisissez pendant et entre les visites sur le site\u00a0;<\/li>\n<li>d\u00e9terminer si vous avez consenti \u00e0 ce que des cookies soient install\u00e9s sur vos appareils\u00a0;<\/li>\n<li>suivre et enregistrer des statistiques sur le trafic du site web et les habitudes de navigation des visiteurs du site web\u00a0;<\/li>\n<li>personnaliser le marketing et proposer des offres les plus int\u00e9ressantes en fonction de l\u2019exp\u00e9rience de navigation du visiteur\u00a0;<\/li>\n<li>am\u00e9liorer continuellement le site web pour le rendre plus convivial, plus rapide et plus s\u00fbr\u00a0;<\/li>\n<li>m\u00e9moriser les choix que vous avez faits en tant qu\u2019utilisateur des services Google.<\/li>\n<\/ul>\n<p>La base juridique de l\u2019utilisation des cookies est l\u2019int\u00e9r\u00eat l\u00e9gitime de l\u2019Entreprise \u00e0 assurer la fonctionnalit\u00e9 technique du site web et, lorsque les cookies sont utilis\u00e9s pour m\u00e9moriser vos pr\u00e9f\u00e9rences, \u00e0 des fins statistiques et \u00e0 des fins de publicit\u00e9 personnalis\u00e9e, le consentement exprim\u00e9 par la Personne concern\u00e9e, c\u2019est-\u00e0-dire le visiteur du site web.<\/p>\n<p>5. Vous pouvez modifier et \/ ou contr\u00f4ler vos consentements en mati\u00e8re de cookies dans la barre <a href='javascript: CookieConsent.renew()'>de description des Cookies<\/a>.<\/p>\n<p>Vous pouvez \u00e9galement supprimer tous les cookies qui se trouvent d\u00e9j\u00e0 sur votre ordinateur et configurer votre navigateur web de mani\u00e8re \u00e0 emp\u00eacher le stockage de cookies sur votre appareil. La plupart des navigateurs web acceptent automatiquement les cookies, mais vous pouvez facilement modifier votre navigateur pour qu\u2019il ne les accepte pas si vous le souhaitez.<\/p>\n<p>Sachez toutefois que, dans ce cas, vous devrez peut-\u00eatre modifier manuellement certaines options \u00e0 chaque fois que vous visiterez le site web, et que certains services et fonctionnalit\u00e9s du site dextera.lt pourraient ne pas fonctionner.<\/p>\n<p>Les informations plus d\u00e9taill\u00e9es sur la mani\u00e8re de supprimer les cookies et de modifier les param\u00e8tres de votre navigateur afin que les cookies ne soient pas install\u00e9s sont disponibles <a href='javascript: CookieConsent.renew()'>ici\u00a0:<\/a><\/p>\n<ul>\n<li><a href=\"https:\/\/support.google.com\/accounts\/answer\/61416?co=GENIE.Platform%3DDesktop&amp;hl=lt\">Google Chrome\u00a0<\/a><\/li>\n<li><a href=\"https:\/\/privacy.microsoft.com\/lt-lt\/windows-10-microsoft-edge-and-privacy\">Microsoft Edge<\/a><\/li>\n<li><a href=\"https:\/\/support.mozilla.org\/lt\/kb\/Slapuk%C5%B3%20aktyvavimas\">Mozilla Firefox\u00a0<\/a><\/li>\n<li><a href=\"https:\/\/support.microsoft.com\/lt-lt\/help\/17442\/windows-internet-explorer-delete-manage-cookies\">Microsoft Internet Explorer\u00a0<\/a><\/li>\n<li><a href=\"https:\/\/www.opera.com\/help\/tutorials\/security\/privacy\/\">Opera<\/a><\/li>\n<li><a href=\"https:\/\/support.apple.com\/guide\/safari\/manage-cookies-and-website-data-sfri11471\/mac\">Apple Safari<\/a><\/li>\n<\/ul>\n<p>6. Le site web dextera.lt utilise diff\u00e9rents types de cookies (essentiels, marketing, statistiques, etc.). En naviguant sur le site dextera.lt, vous acceptez l\u2019utilisation de cookies essentiels, qui sont automatiquement activ\u00e9s pour le bon fonctionnement du site et ne peuvent pas \u00eatre d\u00e9sactiv\u00e9s. Votre consentement est requis pour l\u2019utilisation d\u2019autres cookies.<\/p>\n<p>7. Donn\u00e9es statistiques \u00e0 propos de la navigation sur le site web. L\u2019entreprise am\u00e9liore constamment le site web et s\u2019efforce de rendre l\u2019utilisation du site web dextera.lt plus facile et plus pratique. Pour ce faire, nous devons savoir quelles sont les informations qui int\u00e9ressent le plus les visiteurs de notre site web, \u00e0 partir de quelles localit\u00e9s ou de quelles villes notre site web est visit\u00e9, \u00e0 quelle fr\u00e9quence les visiteurs se connectent, quel navigateur ils utilisent, quel contenu du site les int\u00e9resse, sur quels appareils le site web est lu, etc.<\/p>\n<p>Nous collectons ces informations \u00e0 l\u2019aide des outils Google Analytics, qui nous permettent d\u2019enregistrer et d\u2019analyser la mani\u00e8re dont les visiteurs utilisent notre site web. Les donn\u00e9es de Google Analytics peuvent \u00e9galement \u00eatre utilis\u00e9es \u00e0 des fins publicitaires, pour vous proposer des offres bas\u00e9es sur les visites pr\u00e9c\u00e9dentes du site.<\/p>\n<p>Veuillez noter que les informations collect\u00e9es par les cookies de Google Analytics ne sont pas li\u00e9es \u00e0 une adresse IP unique et sont anonymes.<\/p>\n<p>Pour en savoir plus sur Google Analytics et les informations que ces outils nous permettent de collecter, cliquez ici <a href=\"https:\/\/support.google.com\/analytics\/answer\/1012034?hl=lt&amp;ref_topic=615780\">https:\/\/support.google.com\/analytics\/answer\/1012034?hl=lt&amp;ref_topic=615780<\/a>.<\/p>\n<p>Si vous pr\u00e9f\u00e9rez que les outils de Google Analytics ne collectent pas d\u2019informations sur votre navigation, vous pouvez utiliser l\u2019extension de navigateur pour la d\u00e9sactivation de Google Analytics.<\/p>\n<p>8. Vous trouverez ci-dessous une description d\u00e9taill\u00e9e des cookies utilis\u00e9s sur le site web, y compris les d\u00e9nominations, les descriptions et les dates d\u2019expiration des types de cookies\u00a0:<\/p>\n<div class=\"slapukai_box\"><script id=\"CookieDeclaration\" data-culture=\"fr\" src=\"https:\/\/consent.cookiebot.com\/53b45f4f-8fc2-4970-bc45-4775de2bf338\/cd.js\" type=\"text\/javascript\" async><\/script><\/div>\n<p>9. Vous pouvez consulter les p\u00e9riodes de conservation des cookies dans la liste des cookies figurant \u00e0 la section 8 des pr\u00e9sentes Conditions. Nous supprimons automatiquement les donn\u00e9es pour lesquelles votre consentement est requis apr\u00e8s que celui-ci a \u00e9t\u00e9 retir\u00e9. Les informations statistiques collect\u00e9es par les outils Google Analytics sont g\u00e9n\u00e9ralement utilis\u00e9es pour une dur\u00e9e maximale de 2 ans. \u00c9tant donn\u00e9 que certaines de ces informations ne peuvent \u00eatre supprim\u00e9es que par nos partenaires, ceux-ci d\u00e9terminent \u00e9galement les p\u00e9riodes de conservation.<\/p>\n<p>10. Nous assurons la s\u00e9curit\u00e9 de vos donn\u00e9es \u00e0 tout moment et demandons \u00e0 tous nos partenaires et prestataires de services qui ont acc\u00e8s \u00e0 vos donn\u00e9es de s\u2019en assurer. Vos donn\u00e9es peuvent \u00eatre consult\u00e9es par notre personnel responsable du fonctionnement et du contenu du site web dextera.lt et par les partenaires de la soci\u00e9t\u00e9 qui fournissent le syst\u00e8me de gestion du contenu du site web et les services d\u2019h\u00e9bergement du site web.<\/p>\n<p>11. Si vous souhaitez conna\u00eetre les donn\u00e9es que nous avons recueillies \u00e0 votre sujet, vous pouvez nous contacter \u00e0 l\u2019adresse \u00e9lectronique suivante\u00a0: <a href=\"mailto:teise@dextera.eu\">teise@dextera.eu<\/a>. Vous pouvez \u00e9galement nous contacter \u00e0 cette adresse pour demander la rectification, l\u2019effacement, la restriction du traitement des donn\u00e9es, le retrait du consentement, l\u2019opposition au traitement sur la base de notre int\u00e9r\u00eat l\u00e9gitime, l\u2019opposition au traitement \u00e0 des fins de marketing direct, et, le cas \u00e9ch\u00e9ant, pour exercer le droit \u00e0 la portabilit\u00e9 des donn\u00e9es.<\/p>\n<p>12. Si vous estimez que vos droits \u00e0 la vie priv\u00e9e ont \u00e9t\u00e9 viol\u00e9s, vous pouvez contacter l\u2019Inspection nationale des donn\u00e9es \u00e0 caract\u00e8re personnel, L. Sapiegos st. 17, Vilnius, t\u00e9l.\u00a0: (+370 5) 271 2804, (+370 5) 279 1445, fax\u00a0: (+370 5) 261 9494, e-mail\u00a0: ada@ada.lt, bo\u00eete pour les envois \u00e9lectroniques\u00a0: 188607912.<\/p>\n","protected":false},"excerpt":{"rendered":"<p>UAB \u201eDEXTERA\u201c POLITIQUE EN MATI\u00c8RE DE COOKIES 1. L\u2019entreprise utilise des Cookies, outils de gestion de l\u2019analyse des donn\u00e9es, sur le site web dextera.lt afin d\u2019assurer le bon fonctionnement du site, de collecter des informations statistiques d\u00e9personnalis\u00e9es et \u00e0 des fins de marketing. De cette mani\u00e8re, la soci\u00e9t\u00e9 peut fournir des biens \/ services complexes, [&#8230;]<\/p>\n<p><a class=\"btn btn-secondary understrap-read-more-link\" href=\"https:\/\/dextera.lt\/fr\/politique-de-cookies\/\">Lire la suite&#8230;<\/a><\/p>\n","protected":false},"author":1,"featured_media":0,"parent":0,"menu_order":0,"comment_status":"closed","ping_status":"closed","template":"page-templates\/privatumo-politika.php","meta":{"inline_featured_image":false,"footnotes":""},"class_list":["post-115666","page","type-page","status-publish","hentry"],"_links":{"self":[{"href":"https:\/\/dextera.lt\/fr\/wp-json\/wp\/v2\/pages\/115666","targetHints":{"allow":["GET"]}}],"collection":[{"href":"https:\/\/dextera.lt\/fr\/wp-json\/wp\/v2\/pages"}],"about":[{"href":"https:\/\/dextera.lt\/fr\/wp-json\/wp\/v2\/types\/page"}],"author":[{"embeddable":true,"href":"https:\/\/dextera.lt\/fr\/wp-json\/wp\/v2\/users\/1"}],"replies":[{"embeddable":true,"href":"https:\/\/dextera.lt\/fr\/wp-json\/wp\/v2\/comments?post=115666"}],"version-history":[{"count":4,"href":"https:\/\/dextera.lt\/fr\/wp-json\/wp\/v2\/pages\/115666\/revisions"}],"predecessor-version":[{"id":116937,"href":"https:\/\/dextera.lt\/fr\/wp-json\/wp\/v2\/pages\/115666\/revisions\/116937"}],"wp:attachment":[{"href":"https:\/\/dextera.lt\/fr\/wp-json\/wp\/v2\/media?parent=115666"}],"curies":[{"name":"wp","href":"https:\/\/api.w.org\/{rel}","templated":true}]}}