{"id":38345,"date":"2022-05-05T08:53:06","date_gmt":"2022-05-05T08:53:06","guid":{"rendered":"https:\/\/dextera.lt\/showroom\/"},"modified":"2022-06-03T20:36:21","modified_gmt":"2022-06-03T20:36:21","slug":"showroom","status":"publish","type":"page","link":"https:\/\/dextera.lt\/de\/showroom\/","title":{"rendered":"Showroom"},"content":{"rendered":"<p>DEXTERA orientiert sich stets an den Erwartungen und W\u00fcnschen der Kunden. Aus diesem Grund beschloss das Unternehmen, den Showroom in der Jonavos St. 260 in Kaunas grundlegend zu renovieren. \u201eWir haben diesen Showroom im letzten Jahr minimal renoviert, aber in dem Bem\u00fchen, die Erwartungen unserer Kunden zu erf\u00fcllen, wollten wir einen Raum schaffen, der noch komfortabler und funktioneller gestaltet ist und der sowohl f\u00fcr K\u00e4ufer als auch f\u00fcr Architekten und Designer \u00e4sthetisch viel ansprechender ist\u201c, so J. Andru\u0161kevi\u010dien\u0117. Die Exklusivit\u00e4t des renovierten Showrooms des Unternehmens ist eine besonders hochwertige Synthese aus Komfort und \u00c4sthetik.<\/p>\n<p>Schon seit 25 Jahren begleitet DEXTERA seine Kunden erfolgreich bei der Suche nach funktionalen und stilvollen Sonnenschutzl\u00f6sungen. Mit der Renovierung des Showrooms des Unternehmens in Kaunas, Jonavos Str. 260, wurde ein \u00e4sthetischer, stilvoller und funktioneller Raum mit der neuesten Ausstellung von Jalousien, Rolll\u00e4den, Insektenschutznetzen, Terrassenmarkisen, Pergolen und anderen Produkten und Automatisierungen geschaffen.<\/p>\n<p><strong>DEXTERA ist eine Marke f\u00fcr kompromisslose Qualit\u00e4t<\/strong><\/p>\n<p>Das KOG-Institut bezeichnet DEXTERA als zuverl\u00e4ssige und bekannteste Marke auf dem Markt der Fensterbeschlagsl\u00f6sungen (2019 &#8211; 2020). Seine Kunden sch\u00e4tzen das Unternehmen f\u00fcr seine kompetenten Mitarbeiter, den kundenfreundlichen Service, das breite Materialsortiment, die zuverl\u00e4ssigen Lieferanten und die innovativen technischen L\u00f6sungen. Einer der wichtigsten Gr\u00fcnde f\u00fcr die F\u00fchrungsposition von DEXTERA ist die st\u00e4ndige Weiterentwicklung und das Streben nach Spitzenleistungen. Das Unternehmen kann zu Recht stolz darauf sein, dass 97 % der DEXTERA-Kunden das Angebot und die Dienstleistungen dieses Unternehmens weiterempfehlen. \u201eDieses Vertrauen unserer Kunden motiviert uns, uns noch mehr anzustrengen, hohe Qualit\u00e4t zu gew\u00e4hrleisten, gemeinsam nach neuen kreativen L\u00f6sungen zu suchen und uns an die individuellen Bed\u00fcrfnisse der Kunden anzupassen\u201c, erkl\u00e4rt die Direktorin des Einzelhandels des Unternehmens Jurgita Andru\u0161kevi\u010dien\u0117.<\/p>\n<p><strong>Dienstleistungsangebot und \u00e4sthetische L\u00f6sungen im Showroom<\/strong><\/p>\n<p>Der neue Showroom zeichnet sich durch eine \u00fcbersichtliche und umfangreiche Ausstellung von Produkten f\u00fcr den Innen- und Au\u00dfenbereich aus: von Rolll\u00e4den und Jalousien bis hin zu Markisen, Fassadenlamellen, Pavillons und anderen Sonnenschutzl\u00f6sungen. Ein solch breites Angebot ist in der Tat attraktiv \u2013 schlie\u00dflich wollen sowohl K\u00e4ufer und Designer als auch Architekten die umgesetzten L\u00f6sungen live sehen, die Textur f\u00fchlen und die Farben beurteilen. \u201eUnsere Kunden w\u00fcnschen sich inspirierende Ideen, deshalb haben wir versucht, ein motivierendes und kreatives Umfeld zu schaffen\u201c, meint J. Andru\u0161kevi\u010dien\u0117. Der renovierte Ausstellungsraum zeichnet sich durch seine Weitl\u00e4ufigkeit, eine minimalistische, nach den neuesten Trends eingerichtete Einrichtung, schlichte Strukturfarben und intelligente Kompositionen aus. Dies ist in der Tat der richtige Ort, um die von der Firma angebotenen Produkte kennenzulernen, die Muster anzufassen, sich live beraten zu lassen und die L\u00f6sungen auszuw\u00e4hlen, die den pers\u00f6nlichen Erwartungen am besten entsprechen.<\/p>\n<p><strong>Aktualisierte Kataloge der Stoffe<\/strong><\/p>\n<p>Neben dem renovierten Showroom in Kaunas pr\u00e4sentiert DEXTERA auch neue Kataloge mit umfangreichen Kollektionen von klassischen Rollos, Funktionsrollos, Tag-\/Nacht-Rollos, Plissees und Ausverkaufsstoffen, Muster von Markisenstoffen und Strukturfarben, die im Unternehmen hergestellt werden. In den aktualisierten Katalogen werden die detaillierten technischen Daten der Stoffe vorgestellt und die Eigenschaften der Produkte hervorgehoben. Sie sind gef\u00fcllt mit Ideen und Inspirationen f\u00fcr die Innenrenovierung.<\/p>\n","protected":false},"excerpt":{"rendered":"<p>DEXTERA orientiert sich stets an den Erwartungen und W\u00fcnschen der Kunden. Aus diesem Grund beschloss das Unternehmen, den Showroom in der Jonavos St. 260 in Kaunas grundlegend zu renovieren. \u201eWir haben diesen Showroom im letzten Jahr minimal renoviert, aber in dem Bem\u00fchen, die Erwartungen unserer Kunden zu erf\u00fcllen, wollten wir einen Raum schaffen, der noch [&#8230;]<\/p>\n<p><a class=\"btn btn-secondary understrap-read-more-link\" href=\"https:\/\/dextera.lt\/de\/showroom\/\">Weiterlesen&#8230;<\/a><\/p>\n","protected":false},"author":1,"featured_media":0,"parent":0,"menu_order":45,"comment_status":"closed","ping_status":"closed","template":"page-templates\/showroom_en_ru.php","meta":{"inline_featured_image":false,"footnotes":""},"class_list":["post-38345","page","type-page","status-publish","hentry"],"_links":{"self":[{"href":"https:\/\/dextera.lt\/de\/wp-json\/wp\/v2\/pages\/38345","targetHints":{"allow":["GET"]}}],"collection":[{"href":"https:\/\/dextera.lt\/de\/wp-json\/wp\/v2\/pages"}],"about":[{"href":"https:\/\/dextera.lt\/de\/wp-json\/wp\/v2\/types\/page"}],"author":[{"embeddable":true,"href":"https:\/\/dextera.lt\/de\/wp-json\/wp\/v2\/users\/1"}],"replies":[{"embeddable":true,"href":"https:\/\/dextera.lt\/de\/wp-json\/wp\/v2\/comments?post=38345"}],"version-history":[{"count":2,"href":"https:\/\/dextera.lt\/de\/wp-json\/wp\/v2\/pages\/38345\/revisions"}],"predecessor-version":[{"id":38347,"href":"https:\/\/dextera.lt\/de\/wp-json\/wp\/v2\/pages\/38345\/revisions\/38347"}],"wp:attachment":[{"href":"https:\/\/dextera.lt\/de\/wp-json\/wp\/v2\/media?parent=38345"}],"curies":[{"name":"wp","href":"https:\/\/api.w.org\/{rel}","templated":true}]}}