{"id":38308,"date":"2020-12-07T09:23:05","date_gmt":"2020-12-07T09:23:05","guid":{"rendered":"https:\/\/dextera.lt\/apie-mus\/"},"modified":"2022-06-03T07:17:09","modified_gmt":"2022-06-03T07:17:09","slug":"apie-mus","status":"publish","type":"page","link":"https:\/\/dextera.lt\/de\/uber-uns\/","title":{"rendered":"\u00dcber uns"},"content":{"rendered":"<p>DEXTERA begann seine T\u00e4tigkeit im Jahr 1996 und war das erste litauische Unternehmen, das mit der Herstellung von Aluminiumjalousien begann. Heute sind wir im Bereich der Fensterdekorationsl\u00f6sungen eine zuverl\u00e4ssige und bekannte Marke auf dem Markt (laut Umfragen des KOG-Instituts 2019-2020).<\/p>\n<p>Kompetente Mitarbeiter, freundlicher Service, eine breite Palette an Materialien, zuverl\u00e4ssige Lieferanten und innovative technische L\u00f6sungen sind unsere f\u00fcnf wichtigsten St\u00e4rken. Wir sind stolz darauf, dass mehr als 97% unserer Kunden den Kauf bei DEXTERA weiter empfehlen w\u00fcrden.<\/p>\n<p>Wir sind ein zuverl\u00e4ssiges Unternehmen, das qualitativ hochwertige, funktionelle Sonnenschutzl\u00f6sungen f\u00fcr den privaten und gewerblichen Bereich herstellt und vertreibt. Von 1996 bis heute:<\/p>\n<ul>\n<li>haben wir mehr als 2 Millionen Jalousien produziert;<\/li>\n<li>haben wir mehr als 1 Million Rollos hergestellt;<\/li>\n<li>haben wir \u00fcber 10 Tausend Garagentore installiert.<\/li>\n<\/ul>\n<p>Wir beliefern Kunden in ganz Litauen! Unser Netzwerk an Ausstellungsr\u00e4umen ist das gr\u00f6\u00dfte und unsere Produkte werden von \u00fcber 200 Partnern verkauft.<\/p>\n<h2>QUALIT\u00c4T SCHAFFT STIL. SEIT 25 JAHREN!<\/h2>\n<p>DEXTERA hat es sich zur Aufgabe gemacht, einen \u00e4sthetisch und technologisch modernen Ansatz f\u00fcr den Sonnenschutz in Ihrem Haus zu verwirklichen.<\/p>\n<p>W\u00e4hrend unserer 25-j\u00e4hrigen beruflichen T\u00e4tigkeit sind wir zu der \u00dcberzeugung gelangt, dass Rollos und Jalousien nicht nur die Funktion des Sonnenschutzes erf\u00fcllen, sondern auch f\u00fcr den Stil und die \u00c4sthetik eines Hauses oder B\u00fcros sorgen. Aus diesem Grund bieten wir unseren Kunden eine besonders gro\u00dfe Auswahl an Produkten f\u00fcr den Innen- und Au\u00dfenbereich: Rollos, Jalousien, Markisen, Pergolen und andere Sonnenschutzl\u00f6sungen.<\/p>\n<p>Die Sch\u00f6nheit des Zuhauses zu gestalten \u2013 das macht uns gl\u00fccklich! Deshalb bietet DEXTERA seinen Kunden bei der Auswahl von Produkten f\u00fcr den Innenbereich (Rollos, Jalousien, Insektenschutz) zus\u00e4tzliche kostenlose Dienstleistungen an \u2013 Designerberatung, Aufma\u00df und Musterlieferung.<\/p>\n<p>F\u00fcr alle Produkte f\u00fcr den Au\u00dfenbereich wird eine kostenlose professionelle Beratung angeboten:<\/p>\n<ul>\n<li>Pergola-Pavillons \u2013 Wir entwerfen das Produkt, indem wir individuelle L\u00f6sungen w\u00e4hlen;<\/li>\n<li>Terrassenmarkisen \u2013 Wir helfen Ihnen bei der Auswahl und bieten Ihnen die optimale L\u00f6sung;<\/li>\n<li>Fassadenrollos und Jalousien \u2013 Wir beraten Sie, helfen Ihnen bei der Auswahl und unterbreiten Ihnen das beste Angebot;<\/li>\n<li>Tore \u2013 Wir messen aus, empfehlen Ihnen kostenlos die geeignetsten technischen Parameter und m\u00f6glichen Konfigurationen und helfen Ihnen bei der Auswahl der Automatisierung von \u00d6ffnungstoren.<\/li>\n<\/ul>\n<h2>EIN ZUVERL\u00c4SSIGER PARTNER BEI GROSSPROJEKTEN<\/h2>\n<p>DEXTERAs Vision ist es, der zuverl\u00e4ssigste Partner f\u00fcr Sonnenschutzl\u00f6sungen in Litauen zu sein. Wir sind stolz und dankbar f\u00fcr die folgenden Partnerschaften und realisierten Projekte:<\/p>\n<ul>\n<li>Im Gesch\u00e4ftszentrum 3 BUR\u0116S (Vilnius) haben wir 1500 Einheiten elektrischer Rollos installiert;<\/li>\n<li>Im Gesch\u00e4ftszentrum DOKAS (Kaunas) haben wir 2500 m\u00b2 Rollosysteme installiert;<\/li>\n<li>Im Gesch\u00e4ftszentrum PENTA (Vilnius) haben wir 700 m\u00b2 Holzjalousien und 2000 m\u00b2 Fassadenjalousien installiert;<\/li>\n<li>F\u00fcr das Gesch\u00e4ftsb\u00fcro 103 (laipeda) installierten wir R90-Fassadenrollos, f\u00fcr das Pharmaunternehmen LIMEDIKA (Kaunas) R103-Fassadenrollos, im Geb\u00e4ude CONTINENTAL (Kaunas) 130 m\u00b2 Fassadenlamellen und Au\u00dfenjalousien sowie Innenrollos.  Im Handelsnetz von LIDL haben wir vollautomatische Warema-Rolll\u00e4den installiert, usw.<\/li>\n<li>Im Sanatorium von GRADIALI (Palanga), in den Restaurants STIKLIAI (Vilnius), S BARAS und PANORAMA (\u0160iauliai), PINK &#038; YELLOW (Vilnius), im Kulturzentrum von Kaunas und in vielen anderen Objekten haben wir Pergola-Pavillons installiert. Die h\u00f6chste installierte bioklimatische Pergola befindet sich auf der Dachterrasse des neuen SEB-Geb\u00e4udes \u2013 in einer H\u00f6he von 21 Metern!<\/li>\n<\/ul>\n<p>In unserer t\u00e4glichen Arbeit folgen wir den folgenden Grunds\u00e4tzen:<\/p>\n<ul>\n<li>Qualit\u00e4tsvorrang in allen T\u00e4tigkeitsbereichen des Unternehmens<\/li>\n<li>St\u00e4ndiger Kontakt mit den Kunden zur Verbesserung der Qualit\u00e4t von Produkten und Dienstleistungen<\/li>\n<li>Prompte Auftragsausf\u00fchrung<\/li>\n<li>Umsetzung von Innovationen im Produktionsprozess<\/li>\n<\/ul>\n<p>In unserem Gesch\u00e4ftsfeld sind wir eines der gr\u00f6\u00dften Unternehmen in Nordosteuropa. Unsere Produkte werden nicht nur auf dem litauischen, sondern auch auf dem internationalen Markt gesch\u00e4tzt. Hochwertige DEXTERA-Produkte werden von Gesch\u00e4ftspartnern in verschiedenen L\u00e4ndern verkauft: Lettland, Estland, Wei\u00dfrussland, Finnland, Schweden, Norwegen, Gro\u00dfbritannien, Irland, Belgien, Deutschland, Frankreich, die USA und andere.<\/p>\n<h2>EINIGE FAKTEN F\u00dcR TECHNIKBEGEISTERTE<\/h2>\n<ul>\n<li>Wir sind der einzige Vertreter des erfahrenen Automatisierungsherstellers \u201eBeninca\u201c (100% hergestellt in Italien) in Litauen.<\/li>\n<li>Wir sind der einzige Vertreter des Garagentorherstellers \u201eAlutech\u201c in Litauen.<\/li>\n<li>Wir sind der einzige Vertreter der t\u00fcrkischen Gruppe \u201eByart\u201c f\u00fcr Pergola-Lauben in den baltischen Staaten.<\/li>\n<li>Wir sind die einzigen in den baltischen Staaten, die das Co-Branding-Projekt \u201eCoulisse Dextera\u201c im Bereich der Holzjalousien entwickelt haben.<\/li>\n<li>Das holl\u00e4ndische Unternehmen \u201eCoulisse\u201c hat uns die Exklusivrechte f\u00fcr das integrale Design der Rollos und Holzjalousiensysteme \u201eAbsolute\u201c erteilt.<\/li>\n<li>Wir vertreten \u201eWarema\u201c, einen der weltweit gr\u00f6\u00dften Hersteller von Sonnenschutzprodukten aus Deutschland.<\/li>\n<li>Nur in unserem Sortiment finden Sie italienische Netzrollos und Markisen des \u201eWarema\u201c-Herstellers K50, die im Jahr 2016 mit dem RED-DOT-Designpreis ausgezeichnet wurden.<\/li>\n<li>Als Antwort auf die Lebensphilosophie unserer Generation, die Natur f\u00fcr k\u00fcnftige Generationen zu bewahren, haben wir das Rollosortiment um die Stoffe \u201eCoulisse Eco Essence\u201c erweitert, die in zwei aufeinanderfolgenden Jahren (2017, 2018) von der WCMA (Window covering manufacturers association) in der Kategorie \u201eGreen Innovation\u201c als \u201eBest New Style Concept\u201c und \u201eBest Technical Innovation\u201c ausgezeichnet wurden.<\/li>\n<\/ul>\n<p>Mit jeder Wahl streben wir nach Exklusivit\u00e4t f\u00fcr unsere Kunden und tragen zu einem verantwortungsvollen Qualit\u00e4tsmanagement in allen Gesch\u00e4ftsprozessen bei, das sich auf technologische Innovation, Energieeinsparung und \u00f6kologische Nachhaltigkeit konzentriert.<\/p>\n","protected":false},"excerpt":{"rendered":"<p>DEXTERA begann seine T\u00e4tigkeit im Jahr 1996 und war das erste litauische Unternehmen, das mit der Herstellung von Aluminiumjalousien begann. Heute sind wir im Bereich der Fensterdekorationsl\u00f6sungen eine zuverl\u00e4ssige und bekannte Marke auf dem Markt (laut Umfragen des KOG-Instituts 2019-2020). Kompetente Mitarbeiter, freundlicher Service, eine breite Palette an Materialien, zuverl\u00e4ssige Lieferanten und innovative technische L\u00f6sungen [&#8230;]<\/p>\n<p><a class=\"btn btn-secondary understrap-read-more-link\" href=\"https:\/\/dextera.lt\/de\/uber-uns\/\">Weiterlesen&#8230;<\/a><\/p>\n","protected":false},"author":1,"featured_media":38310,"parent":0,"menu_order":0,"comment_status":"closed","ping_status":"closed","template":"page-templates\/dovanu-kuponas-template.php","meta":{"inline_featured_image":false,"footnotes":""},"class_list":["post-38308","page","type-page","status-publish","has-post-thumbnail","hentry"],"_links":{"self":[{"href":"https:\/\/dextera.lt\/de\/wp-json\/wp\/v2\/pages\/38308","targetHints":{"allow":["GET"]}}],"collection":[{"href":"https:\/\/dextera.lt\/de\/wp-json\/wp\/v2\/pages"}],"about":[{"href":"https:\/\/dextera.lt\/de\/wp-json\/wp\/v2\/types\/page"}],"author":[{"embeddable":true,"href":"https:\/\/dextera.lt\/de\/wp-json\/wp\/v2\/users\/1"}],"replies":[{"embeddable":true,"href":"https:\/\/dextera.lt\/de\/wp-json\/wp\/v2\/comments?post=38308"}],"version-history":[{"count":2,"href":"https:\/\/dextera.lt\/de\/wp-json\/wp\/v2\/pages\/38308\/revisions"}],"predecessor-version":[{"id":38312,"href":"https:\/\/dextera.lt\/de\/wp-json\/wp\/v2\/pages\/38308\/revisions\/38312"}],"wp:featuredmedia":[{"embeddable":true,"href":"https:\/\/dextera.lt\/de\/wp-json\/wp\/v2\/media\/38310"}],"wp:attachment":[{"href":"https:\/\/dextera.lt\/de\/wp-json\/wp\/v2\/media?parent=38308"}],"curies":[{"name":"wp","href":"https:\/\/api.w.org\/{rel}","templated":true}]}}