{"id":115667,"date":"2024-04-23T13:01:33","date_gmt":"2024-04-23T13:01:33","guid":{"rendered":"https:\/\/dextera.lt\/slapuku-politika\/"},"modified":"2024-05-13T22:10:39","modified_gmt":"2024-05-13T22:10:39","slug":"slapuku-politika","status":"publish","type":"page","link":"https:\/\/dextera.lt\/de\/cookie-richtlinie\/","title":{"rendered":"Cookie-Richtlinie"},"content":{"rendered":"<h2 style=\"text-align: center;\">UAB \u201eDEXTERA\u201c<br \/>\nCOOKIE-POLITIK,<\/h2>\n<p>1. Das Unternehmen verwendet auf der Internetseite dextera.lt die Cookies \u2013 die Werkzeuge zur Verwaltung der Datenanalyse (Cookies), um das ordnungsgem\u00e4\u00dfe Funktionieren der Internetseite zu gew\u00e4hrleisten, personalisierte statistische Informationen zu sammeln und f\u00fcr Marketingzwecke zu nutzen. So kann das Unternehmen ein vollwertiges Angebot an Waren\/Dienstleistungen und ein angenehmeres Erlebnis f\u00fcr Personen, die die Internetseite besuchen, bereitstellen und die Internetseite selbst verbessern.<\/p>\n<p>2. Wenn Sie unsere Internetseite besuchen, k\u00f6nnen Cookies auf Ihrem Computer oder einem anderen Smart-Ger\u00e4t (z. B. Handy, Tablet usw.) abgelegt und in Ihrem Browser gespeichert werden. Wenn das Datensubjekt auf die Internetseite des Unternehmens zugreift, wird automatisch eine Meldung aktiviert, die \u00fcber die Verwendung von Cookies informiert.<\/p>\n<p>3. Alle von uns verwendeten Cookies werden nur mit Ihrer vorherigen Zustimmung eingesetzt, mit Ausnahme der notwendigen Cookies. In der Cookie-Beschreibungsleiste auf der Internetseite dextera.lt k\u00f6nnen Sie ausw\u00e4hlen, welche Arten von Cookies Sie setzen m\u00f6chten. Sie haben die M\u00f6glichkeit, Ihre Cookie-Einstellungen zu ver\u00e4ndern oder Ihre Zustimmung jederzeit zu widerrufen, oder wenn Sie mit allen Cookies einverstanden sind, kreuzen Sie einfach &#8222;Alle Cookies zulassen&#8220; an. Sie k\u00f6nnen der Verwendung von Cookies widersprechen und weiterhin auf der Internetseite surfen.<\/p>\n<p>4. Unsere Website-Seiten verwenden Cookies, um<\/p>\n<ul>\n<li>zu erkennen, ob ein Besucher dieselbe Internetseite wie ein fr\u00fcherer Besucher aufruft,<\/li>\n<li>die von Ihnen gew\u00e4hlten Einstellungen w\u00e4hrend und zwischen Besuchen der Internetseite zu speichern;<\/li>\n<li>festzustellen, ob Sie der Aufzeichnung von Cookies auf Ihren Ger\u00e4ten zugestimmt haben,<\/li>\n<li>die Statistiken \u00fcber Anzahl der Besuche der Internetseite zu beobachten und fixieren und um die Surfgewohnheiten der Internetseite-Besucher zu fixieren,<\/li>\n<li>das Marketing zu personalisieren und attraktive Angebote auf der Grundlage der Browsererfahrung des Besuchers bereitzustellen,<\/li>\n<li>die Internetseite kontinuierlich zu verbessern und sie benutzerfreundlicher, schneller und sicherer zu machen,<\/li>\n<li>sich an die Entscheidungen zu erinnern, die Sie als Nutzer der Google-Dienstleistungen getroffen haben.<\/li>\n<\/ul>\n<p>Die Rechtsgrundlage f\u00fcr die Verwendung von Cookies ist das berechtigte Interesse des Unternehmens, die technische Funktionalit\u00e4t der Internetseite zu gew\u00e4hrleisten, und, sofern die Cookies zur Speicherung Ihrer Optionen, f\u00fcr statistische Zwecke und zum Zwecke ma\u00dfgeschneiderter Werbung verwendet werden, die Zustimmung des Datensubjektes, d. h. des Besuchers der Internetseite.<\/p>\n<p>5. Sie k\u00f6nnen Ihre Cookie-Zustimmungen in der <strong><a href='javascript: CookieConsent.renew()'>Cookie-Beschreibungsleiste \u00e4ndern und\/oder kontrollieren.<\/a><\/strong><\/p>\n<p>Sie k\u00f6nnen auch alle Cookies l\u00f6schen, die sich bereits auf Ihrem Computer befinden, und Ihre Webbrowser so einstellen, dass keine Cookies auf Ihrem Ger\u00e4t gespeichert werden. Die meisten Webbrowser akzeptieren die Cookies automatisch, aber Sie k\u00f6nnen Ihren Browser einfach so modifizieren, dass er sie nicht akzeptiert, wenn Sie dies w\u00fcnschen.<\/p>\n<p>Bitte achten Sie darauf jedoch, dass Sie in diesem Fall m\u00f6glicherweise einige Optionen bei jedem Besuch der Internetseite manuell \u00e4ndern m\u00fcssen und dass einige Dienstleistungen und Funktionen der Internetseite dextera.lt m\u00f6glicherweise nicht funktionieren.<\/p>\n<p>Weitere Informationen dar\u00fcber, wie Sie die Cookies l\u00f6schen k\u00f6nnen und wie Sie die Einstellungen Ihres Browsers \u00e4ndern k\u00f6nnen, um die Speicherung von Cookies zu verhindern, <strong><a href='javascript: CookieConsent.renew()'>finden Sie hier:<\/a><\/strong><\/p>\n<ul>\n<li><a href=\"https:\/\/support.google.com\/accounts\/answer\/61416?co=GENIE.Platform%3DDesktop&amp;hl=lt\">Google Chrome\u00a0<\/a><\/li>\n<li><a href=\"https:\/\/privacy.microsoft.com\/lt-lt\/windows-10-microsoft-edge-and-privacy\">Microsoft Edge<\/a><\/li>\n<li><a href=\"https:\/\/support.mozilla.org\/lt\/kb\/Slapuk%C5%B3%20aktyvavimas\">Mozilla Firefox\u00a0<\/a><\/li>\n<li><a href=\"https:\/\/support.microsoft.com\/lt-lt\/help\/17442\/windows-internet-explorer-delete-manage-cookies\">Microsoft Internet Explorer\u00a0<\/a><\/li>\n<li><a href=\"https:\/\/www.opera.com\/help\/tutorials\/security\/privacy\/\">Opera<\/a><\/li>\n<li><a href=\"https:\/\/support.apple.com\/guide\/safari\/manage-cookies-and-website-data-sfri11471\/mac\">Apple Safari<\/a><\/li>\n<\/ul>\n<p>6. Die Website dextera.lt verwendet verschiedene Arten von Cookies (notwendige Cookies, Marketing-Cookies, statistische Cookies, usw.). Durch das Surfen auf der Website dextera.lt stimmen Sie den notwendigen Cookies zu, die automatisch aktiviert werden, damit die Website ordnungsgem\u00e4\u00df funktionieren k\u00f6nnte, und Sie k\u00f6nnen sie nicht ausschalten. F\u00fcr die Verwendung anderer Cookies ist Ihre Zustimmung erforderlich.<\/p>\n<p>7. Statistische Daten zum Surfen auf der Website. Das Unternehmen verbessert die Website regelm\u00e4\u00dfig und hat das Ziel, die Nutzung der Website dextera.lt so einfach und bequem wie m\u00f6glich zu machen. Daf\u00fcr m\u00fcssen wir wissen, an welchen Informationen unsere Internetseite-Besucher am meisten interessiert sind, aus welchen Orten oder St\u00e4dten unsere Internetseite besucht wird, wie oft sich Besucher einloggen, welchen Browser sie verwenden, f\u00fcr welche Internetseite-Inhalte sie sich interessieren, auf welchen Ger\u00e4ten die Internetseite aufgerufen wird usw.<\/p>\n<p>Wir sammeln diese Informationen mithilfe von Google Analytics-Tools, die es uns erm\u00f6glichen, die Nutzung der Internetseite durch Internetseite-Besucher zu fixieren und zu analysieren. Google Analytics-Daten k\u00f6nnen auch f\u00fcr Werbezwecke genutzt werden, um Ihnen Angebote auf Grundlage fr\u00fcherer Besuche auf der Internetseite zu stellen.<\/p>\n<p>Wir weisen darauf hin, dass die mithilfe von Google Analytics-Cookies gesammelten Informationen keiner eindeutigen IP-Adresse verbindet und anonym sind.<\/p>\n<p>Weitere Informationen zu Google Analytics und den von diesen Tools erfassten Informationen finden Sie unter <a href=\"https:\/\/support.google.com\/analytics\/answer\/1012034?hl=lt&amp;ref_topic=615780\">https:\/\/support.google.com\/analytics\/answer\/1012034?hl=lt&amp;ref_topic=615780<\/a> .<\/p>\n<p>Falls Sie w\u00fcnschen, dass die Google Analytics-Tools keine Informationen \u00fcber Ihr Surfen im Internet fixieren, k\u00f6nnen Sie das Browser-Plugin zur Deaktivierung von Google Analytics verwenden.<\/p>\n<p>8. Nachstehend finden Sie eine ausf\u00fchrliche Beschreibung der auf der Website verwendeten Cookies, einschlie\u00dflich der Bezeichnungen, Beschreibungen und G\u00fcltigkeitsdauer der verschiedenen Arten von Cookies:<\/p>\n<div class=\"slapukai_box\"><script id=\"CookieDeclaration\" data-culture=\"de\" src=\"https:\/\/consent.cookiebot.com\/53b45f4f-8fc2-4970-bc45-4775de2bf338\/cd.js\" type=\"text\/javascript\" async><\/script><\/div>\n<p>9. Sie k\u00f6nnen die Aufbewahrungsfristen f\u00fcr Cookies in der Liste der Cookies in Abschnitt 8 dieser Bedingungen getraut machen. Wir l\u00f6schen automatisch die Daten, f\u00fcr die Ihre Zustimmung erforderlich ist, nachdem Sie Ihre Zustimmung zur\u00fcckgezogen haben. Die von den Google-Analytics-Tools erfassten statistischen Informationen werden normalerweise von bis zu 2 Jahre lang verwendet. Da einige dieser Informationen nur von unseren Partnern gel\u00f6scht werden k\u00f6nnen, legen diese ebenfalls Aufbewahrungsfristen fest.<\/p>\n<p>10. Wir speichern Ihre Daten jederzeit sicher auf und verlangen von allen unseren Partnern und Dienstleistern, die einen Zugang zu Ihren Daten haben, dies zu gew\u00e4hrleisten. Ihre Daten k\u00f6nnen von unseren Mitarbeitern eingesehen werden, die f\u00fcr das Funktionieren und den Inhalt der Internetseite dextera.lt verantwortlich sind, sowie von den Partnern des Unternehmens, die das System zur Verwaltung der Inhalte und die Erstellung der Internetseite anbieten.<\/p>\n<p>11. M\u00f6chten Sie wissen, welche Daten wir \u00fcber Sie gesammelt haben, k\u00f6nnen Sie uns unter der folgenden E-Mail-Adresse kontaktieren: <a href=\"mailto:teise@dextera.eu\">teise@dextera.eu<\/a> \u00dcber diese Adresse k\u00f6nnen Sie auch die Berichtigung, L\u00f6schung, Einschr\u00e4nkung der Verarbeitung, den Widerruf der Einwilligung, den Widerspruch gegen die Verarbeitung der Daten auf der Grundlage unseres berechtigten Interesses, den Widerspruch gegen die Verarbeitung zu Zwecken der Direktwerbung und gegebenenfalls die Aus\u00fcbung Ihres Rechts auf Daten\u00fcbertragbarkeit beantragen.<\/p>\n<p>12. Wenn Sie meinen, dass Ihre Datenschutzrechte verletzt wurden, k\u00f6nnen Sie sich an die staatliche Aufsichtsbeh\u00f6rde f\u00fcr personenbezogene Daten wenden: L. Sapiegos Str. 17, Vilnius, Tel. (8 5) 271 2804, 279 1445, Fax. (8 5) 261 9494, E-Mail ada@ada.lt, E-Postfach: 188607912.<\/p>\n","protected":false},"excerpt":{"rendered":"<p>UAB \u201eDEXTERA\u201c COOKIE-POLITIK, 1. Das Unternehmen verwendet auf der Internetseite dextera.lt die Cookies \u2013 die Werkzeuge zur Verwaltung der Datenanalyse (Cookies), um das ordnungsgem\u00e4\u00dfe Funktionieren der Internetseite zu gew\u00e4hrleisten, personalisierte statistische Informationen zu sammeln und f\u00fcr Marketingzwecke zu nutzen. So kann das Unternehmen ein vollwertiges Angebot an Waren\/Dienstleistungen und ein angenehmeres Erlebnis f\u00fcr Personen, die [&#8230;]<\/p>\n<p><a class=\"btn btn-secondary understrap-read-more-link\" href=\"https:\/\/dextera.lt\/de\/cookie-richtlinie\/\">Weiterlesen&#8230;<\/a><\/p>\n","protected":false},"author":1,"featured_media":0,"parent":0,"menu_order":0,"comment_status":"closed","ping_status":"closed","template":"page-templates\/privatumo-politika.php","meta":{"inline_featured_image":false,"footnotes":""},"class_list":["post-115667","page","type-page","status-publish","hentry"],"_links":{"self":[{"href":"https:\/\/dextera.lt\/de\/wp-json\/wp\/v2\/pages\/115667","targetHints":{"allow":["GET"]}}],"collection":[{"href":"https:\/\/dextera.lt\/de\/wp-json\/wp\/v2\/pages"}],"about":[{"href":"https:\/\/dextera.lt\/de\/wp-json\/wp\/v2\/types\/page"}],"author":[{"embeddable":true,"href":"https:\/\/dextera.lt\/de\/wp-json\/wp\/v2\/users\/1"}],"replies":[{"embeddable":true,"href":"https:\/\/dextera.lt\/de\/wp-json\/wp\/v2\/comments?post=115667"}],"version-history":[{"count":4,"href":"https:\/\/dextera.lt\/de\/wp-json\/wp\/v2\/pages\/115667\/revisions"}],"predecessor-version":[{"id":116938,"href":"https:\/\/dextera.lt\/de\/wp-json\/wp\/v2\/pages\/115667\/revisions\/116938"}],"wp:attachment":[{"href":"https:\/\/dextera.lt\/de\/wp-json\/wp\/v2\/media?parent=115667"}],"curies":[{"name":"wp","href":"https:\/\/api.w.org\/{rel}","templated":true}]}}